{"id":8891,"date":"2025-04-02T20:40:59","date_gmt":"2025-04-02T18:40:59","guid":{"rendered":"https:\/\/bleubazar.com\/?page_id=8891"},"modified":"2026-04-21T12:56:01","modified_gmt":"2026-04-21T10:56:01","slug":"blog-zine","status":"publish","type":"page","link":"https:\/\/bleubazar.com\/index.php\/blog-zine\/","title":{"rendered":"Le petit almanach"},"content":{"rendered":"\n<div style=\"height:35px\" aria-hidden=\"true\" class=\"wp-block-spacer\"><\/div>\n\n\n\n<p class=\"has-text-align-center\"><em>zine mensuel, au cours du mois <\/em><br><em>saisons \/ humeurs \/exploration intime et publique \/voyage au c\u0153ur de la po\u00e9sie brute\/ place \u00e0 l\u2019improvisation et \u00e0 l\u2019inattendu <\/em><br><em> \u00e0 imprimer \/ feuilleter \/ d\u00e9couper\/ oublier<br><\/em><\/p>\n\n\n\n<p class=\"has-text-align-center\"><em>\u00e0 trouver \u00e0 Toulouse, au gr\u00e9 du hasard et de mes balades \ud83c\udf38<\/em><\/p>\n\n\n\n<div class=\"wp-block-group alignfull is-layout-flow wp-block-group-is-layout-flow\">\n<div class=\"wp-block-group alignfull has-global-padding is-layout-constrained wp-container-core-group-is-layout-13f458de wp-block-group-is-layout-constrained\" style=\"margin-top:0;margin-bottom:0;padding-top:var(--wp--preset--spacing--40);padding-right:var(--wp--preset--spacing--superbspacing-small);padding-bottom:var(--wp--preset--spacing--40);padding-left:var(--wp--preset--spacing--superbspacing-small)\">\n<h2 class=\"wp-block-heading has-text-align-center has-body-text-color has-text-color has-link-color wp-elements-8d22c80f4ad6ea938d40d136769eb10c\"><strong>Les num\u00e9ros<\/strong> <\/h2>\n\n\n\n<div class=\"wp-block-group is-layout-flow wp-container-core-group-is-layout-3fbca637 wp-block-group-is-layout-flow\">\n<div class=\"wp-block-media-text is-stacked-on-mobile\"><figure class=\"wp-block-media-text__media\"><img data-recalc-dims=\"1\" loading=\"lazy\" decoding=\"async\" width=\"850\" height=\"708\" src=\"https:\/\/i0.wp.com\/bleubazar.com\/wp-content\/uploads\/2025\/10\/Image-17-10-2025-a-11.56.jpeg?resize=850%2C708&#038;ssl=1\" alt=\"\" class=\"wp-image-9203 size-full\" srcset=\"https:\/\/i0.wp.com\/bleubazar.com\/wp-content\/uploads\/2025\/10\/Image-17-10-2025-a-11.56.jpeg?w=850&amp;ssl=1 850w, https:\/\/i0.wp.com\/bleubazar.com\/wp-content\/uploads\/2025\/10\/Image-17-10-2025-a-11.56.jpeg?resize=300%2C250&amp;ssl=1 300w, https:\/\/i0.wp.com\/bleubazar.com\/wp-content\/uploads\/2025\/10\/Image-17-10-2025-a-11.56.jpeg?resize=768%2C640&amp;ssl=1 768w\" sizes=\"auto, (max-width: 850px) 100vw, 850px\" \/><\/figure><div class=\"wp-block-media-text__content\">\n<p>n*6 &#8211; F\u00e9brile<br>Dimanche 05.oct.25<\/p>\n\n\n\n<p><em>Octobre &amp; nouveau format<\/em> \ud83d\uddde\ufe0f<\/p>\n<\/div><\/div>\n\n\n\n<div class=\"wp-block-columns alignwide is-layout-flex wp-container-core-columns-is-layout-d0b3c9c8 wp-block-columns-is-layout-flex\">\n<div class=\"wp-block-column is-layout-flow wp-block-column-is-layout-flow\">\n<figure class=\"wp-block-image size-large\"><img data-recalc-dims=\"1\" loading=\"lazy\" decoding=\"async\" width=\"724\" height=\"1024\" src=\"https:\/\/i0.wp.com\/bleubazar.com\/wp-content\/uploads\/2025\/09\/Copie-de-mai-2.png?resize=724%2C1024\" alt=\"\" class=\"wp-image-9193\" style=\"aspect-ratio:3\/4;object-fit:cover\" srcset=\"https:\/\/i0.wp.com\/bleubazar.com\/wp-content\/uploads\/2025\/09\/Copie-de-mai-2.png?resize=724%2C1024&amp;ssl=1 724w, https:\/\/i0.wp.com\/bleubazar.com\/wp-content\/uploads\/2025\/09\/Copie-de-mai-2.png?resize=212%2C300&amp;ssl=1 212w, https:\/\/i0.wp.com\/bleubazar.com\/wp-content\/uploads\/2025\/09\/Copie-de-mai-2.png?resize=768%2C1086&amp;ssl=1 768w, https:\/\/i0.wp.com\/bleubazar.com\/wp-content\/uploads\/2025\/09\/Copie-de-mai-2.png?resize=1086%2C1536&amp;ssl=1 1086w, https:\/\/i0.wp.com\/bleubazar.com\/wp-content\/uploads\/2025\/09\/Copie-de-mai-2.png?w=1414&amp;ssl=1 1414w\" sizes=\"auto, (max-width: 724px) 100vw, 724px\" \/><\/figure>\n\n\n\n<p class=\"has-text-align-center\">n*5 &#8211; Matins frais<br>Vendredi 05.sept.25<\/p>\n<\/div>\n\n\n\n<div class=\"wp-block-column is-layout-flow wp-block-column-is-layout-flow\">\n<figure class=\"wp-block-image size-full\"><img data-recalc-dims=\"1\" loading=\"lazy\" decoding=\"async\" width=\"1920\" height=\"2560\" src=\"https:\/\/i0.wp.com\/bleubazar.com\/wp-content\/uploads\/2025\/09\/BBZINESUMMER-scaled.jpeg?resize=1920%2C2560\" alt=\"\" class=\"wp-image-9187\" style=\"aspect-ratio:3\/4;object-fit:cover\" srcset=\"https:\/\/i0.wp.com\/bleubazar.com\/wp-content\/uploads\/2025\/09\/BBZINESUMMER-scaled.jpeg?w=1920&amp;ssl=1 1920w, https:\/\/i0.wp.com\/bleubazar.com\/wp-content\/uploads\/2025\/09\/BBZINESUMMER-scaled.jpeg?resize=225%2C300&amp;ssl=1 225w\" sizes=\"auto, (max-width: 1000px) 100vw, 1000px\" \/><\/figure>\n\n\n\n<p class=\"has-text-align-center\">n*4 &#8211; Cahier de vacances<br>Mardi 05.ao\u00fbt.25<\/p>\n<\/div>\n<\/div>\n\n\n\n<p class=\"has-superbfont-small-font-size\"><\/p>\n\n\n\n<div class=\"wp-block-columns alignwide is-layout-flex wp-container-core-columns-is-layout-d0b3c9c8 wp-block-columns-is-layout-flex\">\n<div class=\"wp-block-column is-layout-flow wp-block-column-is-layout-flow\">\n<figure class=\"wp-block-image size-large\"><img data-recalc-dims=\"1\" loading=\"lazy\" decoding=\"async\" width=\"724\" height=\"1024\" src=\"https:\/\/i0.wp.com\/bleubazar.com\/wp-content\/uploads\/2025\/06\/JUIN-2-724x1024.png?resize=724%2C1024&#038;ssl=1\" alt=\"\" class=\"wp-image-9099\" srcset=\"https:\/\/i0.wp.com\/bleubazar.com\/wp-content\/uploads\/2025\/06\/JUIN-2.png?resize=724%2C1024&amp;ssl=1 724w, https:\/\/i0.wp.com\/bleubazar.com\/wp-content\/uploads\/2025\/06\/JUIN-2.png?resize=212%2C300&amp;ssl=1 212w, https:\/\/i0.wp.com\/bleubazar.com\/wp-content\/uploads\/2025\/06\/JUIN-2.png?resize=768%2C1086&amp;ssl=1 768w, https:\/\/i0.wp.com\/bleubazar.com\/wp-content\/uploads\/2025\/06\/JUIN-2.png?resize=1086%2C1536&amp;ssl=1 1086w, https:\/\/i0.wp.com\/bleubazar.com\/wp-content\/uploads\/2025\/06\/JUIN-2.png?w=1414&amp;ssl=1 1414w\" sizes=\"auto, (max-width: 724px) 100vw, 724px\" \/><\/figure>\n\n\n\n<p class=\"has-text-align-center\">n*3 &#8211; Enfin !<br>Jeudi 05.juin.25<\/p>\n<\/div>\n\n\n\n<div class=\"wp-block-column is-layout-flow wp-block-column-is-layout-flow\">\n<figure class=\"wp-block-image size-full\"><img data-recalc-dims=\"1\" loading=\"lazy\" decoding=\"async\" width=\"1414\" height=\"2000\" src=\"https:\/\/i0.wp.com\/bleubazar.com\/wp-content\/uploads\/2025\/05\/cequiteplaitbb.png?resize=1414%2C2000\" alt=\"\" class=\"wp-image-8962\" srcset=\"https:\/\/i0.wp.com\/bleubazar.com\/wp-content\/uploads\/2025\/05\/cequiteplaitbb.png?w=1414&amp;ssl=1 1414w, https:\/\/i0.wp.com\/bleubazar.com\/wp-content\/uploads\/2025\/05\/cequiteplaitbb.png?resize=212%2C300&amp;ssl=1 212w, https:\/\/i0.wp.com\/bleubazar.com\/wp-content\/uploads\/2025\/05\/cequiteplaitbb.png?resize=724%2C1024&amp;ssl=1 724w, https:\/\/i0.wp.com\/bleubazar.com\/wp-content\/uploads\/2025\/05\/cequiteplaitbb.png?resize=768%2C1086&amp;ssl=1 768w, https:\/\/i0.wp.com\/bleubazar.com\/wp-content\/uploads\/2025\/05\/cequiteplaitbb.png?resize=1086%2C1536&amp;ssl=1 1086w, https:\/\/i0.wp.com\/bleubazar.com\/wp-content\/uploads\/2025\/05\/cequiteplaitbb.png?resize=600%2C849&amp;ssl=1 600w\" sizes=\"auto, (max-width: 1000px) 100vw, 1000px\" \/><\/figure>\n\n\n\n<p class=\"has-text-align-center\">n*2 &#8211; Si \u00e7a te pla\u00eet<br>Lundi 05.mai.25<\/p>\n<\/div>\n\n\n\n<div class=\"wp-block-column is-layout-flow wp-block-column-is-layout-flow\">\n<figure class=\"wp-block-image size-large\"><img data-recalc-dims=\"1\" loading=\"lazy\" decoding=\"async\" width=\"724\" height=\"1024\" src=\"https:\/\/i0.wp.com\/bleubazar.com\/wp-content\/uploads\/2025\/04\/improvisation-inattendu.png?resize=724%2C1024\" alt=\"\" class=\"wp-image-8917\" srcset=\"https:\/\/i0.wp.com\/bleubazar.com\/wp-content\/uploads\/2025\/04\/improvisation-inattendu.png?resize=724%2C1024&amp;ssl=1 724w, https:\/\/i0.wp.com\/bleubazar.com\/wp-content\/uploads\/2025\/04\/improvisation-inattendu.png?resize=212%2C300&amp;ssl=1 212w, https:\/\/i0.wp.com\/bleubazar.com\/wp-content\/uploads\/2025\/04\/improvisation-inattendu.png?resize=768%2C1086&amp;ssl=1 768w, https:\/\/i0.wp.com\/bleubazar.com\/wp-content\/uploads\/2025\/04\/improvisation-inattendu.png?resize=1086%2C1536&amp;ssl=1 1086w, https:\/\/i0.wp.com\/bleubazar.com\/wp-content\/uploads\/2025\/04\/improvisation-inattendu.png?resize=600%2C849&amp;ssl=1 600w, https:\/\/i0.wp.com\/bleubazar.com\/wp-content\/uploads\/2025\/04\/improvisation-inattendu.png?w=1414&amp;ssl=1 1414w\" sizes=\"auto, (max-width: 724px) 100vw, 724px\" \/><\/figure>\n\n\n\n<p class=\"has-text-align-center\">n*1 &#8211; Fragile<br>Dimanche 05.av.25<\/p>\n<\/div>\n<\/div>\n<\/div>\n\n\n\n<p><\/p>\n<\/div>\n<\/div>\n","protected":false},"excerpt":{"rendered":"<p>zine mensuel, au cours du mois saisons \/ humeurs \/exploration intime et publique \/voyage au c\u0153ur de la po\u00e9sie brute\/ place \u00e0 l\u2019improvisation et \u00e0 l\u2019inattendu \u00e0 imprimer \/ feuilleter \/ d\u00e9couper\/ oublier \u00e0 trouver \u00e0 Toulouse, au gr\u00e9 du hasard et de mes balades \ud83c\udf38 Les num\u00e9ros n*6 &#8211; F\u00e9brileDimanche 05.oct.25 Octobre &amp; nouveau [&hellip;]<\/p>\n","protected":false},"author":2,"featured_media":8917,"parent":0,"menu_order":0,"comment_status":"open","ping_status":"closed","template":"","meta":{"footnotes":""},"class_list":["post-8891","page","type-page","status-publish","has-post-thumbnail","hentry"],"aioseo_notices":[],"jetpack_sharing_enabled":true,"_links":{"self":[{"href":"https:\/\/bleubazar.com\/index.php\/wp-json\/wp\/v2\/pages\/8891","targetHints":{"allow":["GET"]}}],"collection":[{"href":"https:\/\/bleubazar.com\/index.php\/wp-json\/wp\/v2\/pages"}],"about":[{"href":"https:\/\/bleubazar.com\/index.php\/wp-json\/wp\/v2\/types\/page"}],"author":[{"embeddable":true,"href":"https:\/\/bleubazar.com\/index.php\/wp-json\/wp\/v2\/users\/2"}],"replies":[{"embeddable":true,"href":"https:\/\/bleubazar.com\/index.php\/wp-json\/wp\/v2\/comments?post=8891"}],"version-history":[{"count":58,"href":"https:\/\/bleubazar.com\/index.php\/wp-json\/wp\/v2\/pages\/8891\/revisions"}],"predecessor-version":[{"id":10069,"href":"https:\/\/bleubazar.com\/index.php\/wp-json\/wp\/v2\/pages\/8891\/revisions\/10069"}],"wp:featuredmedia":[{"embeddable":true,"href":"https:\/\/bleubazar.com\/index.php\/wp-json\/wp\/v2\/media\/8917"}],"wp:attachment":[{"href":"https:\/\/bleubazar.com\/index.php\/wp-json\/wp\/v2\/media?parent=8891"}],"curies":[{"name":"wp","href":"https:\/\/api.w.org\/{rel}","templated":true}]}}