{"id":7136,"date":"2023-06-27T20:42:00","date_gmt":"2023-06-27T18:42:00","guid":{"rendered":"http:\/\/bleubazar.com\/?page_id=7136"},"modified":"2026-04-07T13:05:37","modified_gmt":"2026-04-07T11:05:37","slug":"a-propos","status":"publish","type":"page","link":"https:\/\/bleubazar.com\/index.php\/contact-3\/a-propos\/","title":{"rendered":"C&rsquo;est qui cette fille ?"},"content":{"rendered":"\n<div style=\"height:35px\" aria-hidden=\"true\" class=\"wp-block-spacer\"><\/div>\n\n\n\n<div class=\"wp-block-columns alignwide are-vertically-aligned-top is-layout-flex wp-container-core-columns-is-layout-6a564016 wp-block-columns-is-layout-flex\">\n<div class=\"wp-block-column is-vertically-aligned-top is-layout-flow wp-container-core-column-is-layout-a1628350 wp-block-column-is-layout-flow\" style=\"padding-top:0;padding-right:0;padding-bottom:0;padding-left:0\">\n<div class=\"wp-block-group is-layout-flow wp-container-core-group-is-layout-ff697075 wp-block-group-is-layout-flow\">\n<div class=\"wp-block-columns alignwide is-layout-flex wp-container-core-columns-is-layout-b4f07b4e wp-block-columns-is-layout-flex\" style=\"border-radius:0px;padding-top:0;padding-right:0;padding-bottom:0;padding-left:0\">\n<div class=\"wp-block-column is-vertically-aligned-center is-layout-flow wp-container-core-column-is-layout-2715b9a4 wp-block-column-is-layout-flow\" style=\"padding-top:0;padding-right:0px;padding-bottom:0;padding-left:0px\">\n<div class=\"wp-block-group is-content-justification-center is-nowrap is-layout-flex wp-container-core-group-is-layout-1cc7cd77 wp-block-group-is-layout-flex\" style=\"border-style:none;border-width:0px;border-radius:0px;margin-top:0;margin-bottom:0;padding-top:0;padding-right:0;padding-bottom:0;padding-left:0\">\n<div class=\"wp-block-group is-vertical is-layout-flex wp-container-core-group-is-layout-4b827052 wp-block-group-is-layout-flex\">\n<h3 class=\"wp-block-heading has-text-align-left has-primary-color has-text-color has-superbfont-xsmall-font-size\"><\/h3>\n\n\n\n<h3 class=\"wp-block-heading has-text-align-left has-superbfont-xsmall-font-size\">Lionne<\/h3>\n<\/div>\n<\/div>\n<\/div>\n\n\n\n<div class=\"wp-block-column is-vertically-aligned-center is-layout-flow wp-container-core-column-is-layout-2715b9a4 wp-block-column-is-layout-flow\" style=\"padding-top:0;padding-right:0px;padding-bottom:0;padding-left:0px\">\n<div class=\"wp-block-group is-content-justification-center is-nowrap is-layout-flex wp-container-core-group-is-layout-1cc7cd77 wp-block-group-is-layout-flex\" style=\"border-style:none;border-width:0px;border-radius:0px;margin-top:0;margin-bottom:0;padding-top:0;padding-right:0;padding-bottom:0;padding-left:0\">\n<div class=\"wp-block-group is-vertical is-layout-flex wp-container-core-group-is-layout-4b827052 wp-block-group-is-layout-flex\">\n<h3 class=\"wp-block-heading has-text-align-left has-primary-color has-text-color has-superbfont-xsmall-font-size\"><\/h3>\n\n\n\n<h3 class=\"wp-block-heading has-text-align-left has-superbfont-xsmall-font-size\">Team 84&prime;<\/h3>\n<\/div>\n<\/div>\n<\/div>\n\n\n\n<div class=\"wp-block-column is-vertically-aligned-center is-layout-flow wp-container-core-column-is-layout-2715b9a4 wp-block-column-is-layout-flow\" style=\"padding-top:0;padding-right:0px;padding-bottom:0;padding-left:0px\">\n<div class=\"wp-block-group is-content-justification-center is-nowrap is-layout-flex wp-container-core-group-is-layout-1cc7cd77 wp-block-group-is-layout-flex\" style=\"border-style:none;border-width:0px;border-radius:0px;margin-top:0;margin-bottom:0;padding-top:0;padding-right:0;padding-bottom:0;padding-left:0\">\n<div class=\"wp-block-group is-vertical is-layout-flex wp-container-core-group-is-layout-4b827052 wp-block-group-is-layout-flex\">\n<h3 class=\"wp-block-heading has-text-align-left has-primary-color has-text-color has-superbfont-xsmall-font-size\"><\/h3>\n\n\n\n<h3 class=\"wp-block-heading has-text-align-left has-superbfont-xsmall-font-size\">Sensible<\/h3>\n<\/div>\n<\/div>\n<\/div>\n\n\n\n<div class=\"wp-block-column is-vertically-aligned-center is-layout-flow wp-container-core-column-is-layout-2715b9a4 wp-block-column-is-layout-flow\" style=\"padding-top:0;padding-right:0px;padding-bottom:0;padding-left:0px\">\n<div class=\"wp-block-group is-content-justification-center is-nowrap is-layout-flex wp-container-core-group-is-layout-1cc7cd77 wp-block-group-is-layout-flex\" style=\"border-style:none;border-width:0px;border-radius:0px;margin-top:0;margin-bottom:0;padding-top:0;padding-right:0;padding-bottom:0;padding-left:0\">\n<div class=\"wp-block-group is-vertical is-layout-flex wp-container-core-group-is-layout-4b827052 wp-block-group-is-layout-flex\">\n<h3 class=\"wp-block-heading has-text-align-left has-primary-color has-text-color has-superbfont-xsmall-font-size\"><\/h3>\n\n\n\n<h3 class=\"wp-block-heading has-text-align-left has-superbfont-xsmall-font-size\">Toulousaine<\/h3>\n<\/div>\n<\/div>\n<\/div>\n<\/div>\n\n\n\n<div style=\"height:8px\" aria-hidden=\"true\" class=\"wp-block-spacer\"><\/div>\n\n\n\n<p class=\"has-text-align-left has-contrast-color has-text-color has-superbfont-small-font-size\">Je m\u2019appelle Floriane. Je suis autrice, passionn\u00e9e par les histoires de vie, les mots justes, et la beaut\u00e9 discr\u00e8te des souvenirs que l\u2019on porte en soi. Je vis \u00e0 Toulouse, entre les briques roses, et j&rsquo;adore aller voir ce qui se passe ailleurs, partout, souvent.<br><br>J&rsquo;adore l\u2019\u00e9criture, sous toutes ses formes. Faire surgir la m\u00e9moire, les gestes ou les silences. J\u2019aime les mots qui touchent, qui d\u00e9rangent, qui ouvrent une br\u00e8che o\u00f9 l\u2019on peut se reconna\u00eetre. Ici, je pose des textes qui parlent de m\u00e9moire, de liens, d\u2019amour, de manque, de r\u00e9silience, de cuisine. De la po\u00e9sie et des br\u00e8ves d&rsquo;ateliers d&rsquo;\u00e9criture. <\/p>\n\n\n\n<p><\/p>\n\n\n\n<p class=\"has-text-align-left has-contrast-color has-text-color has-superbfont-small-font-size\">Et la vie.<\/p>\n\n\n\n<p class=\"has-text-align-left has-contrast-color has-text-color has-superbfont-small-font-size\"><\/p>\n\n\n\n<p class=\"has-text-align-left has-contrast-color has-text-color has-superbfont-small-font-size\">Si tu te retrouves dans mes textes, si un mot vient r\u00e9veiller un souvenir chez toi et croise ta propre histoire, n&rsquo;h\u00e9site pas \u00e0 me laisser une trace de ton passage \ud83d\udc95<\/p>\n<\/div>\n<\/div>\n\n\n\n<div class=\"wp-block-column is-vertically-aligned-top is-layout-flow wp-container-core-column-is-layout-40a2a7e8 wp-block-column-is-layout-flow\" style=\"padding-right:0;padding-bottom:0;padding-left:0\">\n<figure class=\"wp-block-image size-large has-custom-border\"><img data-recalc-dims=\"1\" loading=\"lazy\" decoding=\"async\" width=\"1024\" height=\"1024\" src=\"https:\/\/i0.wp.com\/bleubazar.com\/wp-content\/uploads\/2025\/05\/474637588_10238481731609253_5154307650557905436_n.jpg?resize=1024%2C1024\" alt=\"\" class=\"wp-image-8974\" style=\"border-radius:8px\" srcset=\"https:\/\/i0.wp.com\/bleubazar.com\/wp-content\/uploads\/2025\/05\/474637588_10238481731609253_5154307650557905436_n.jpg?resize=1024%2C1024&amp;ssl=1 1024w, https:\/\/i0.wp.com\/bleubazar.com\/wp-content\/uploads\/2025\/05\/474637588_10238481731609253_5154307650557905436_n.jpg?resize=300%2C300&amp;ssl=1 300w, https:\/\/i0.wp.com\/bleubazar.com\/wp-content\/uploads\/2025\/05\/474637588_10238481731609253_5154307650557905436_n.jpg?resize=150%2C150&amp;ssl=1 150w, https:\/\/i0.wp.com\/bleubazar.com\/wp-content\/uploads\/2025\/05\/474637588_10238481731609253_5154307650557905436_n.jpg?resize=768%2C768&amp;ssl=1 768w, https:\/\/i0.wp.com\/bleubazar.com\/wp-content\/uploads\/2025\/05\/474637588_10238481731609253_5154307650557905436_n.jpg?resize=1536%2C1536&amp;ssl=1 1536w, https:\/\/i0.wp.com\/bleubazar.com\/wp-content\/uploads\/2025\/05\/474637588_10238481731609253_5154307650557905436_n.jpg?w=1537&amp;ssl=1 1537w\" sizes=\"auto, (max-width: 1000px) 100vw, 1000px\" \/><\/figure>\n<\/div>\n<\/div>\n\n\n\n<div class=\"wp-block-group alignfull is-layout-flow wp-block-group-is-layout-flow\">\n<div class=\"wp-block-group alignfull superbthemes-features-005 has-global-padding is-layout-constrained wp-container-core-group-is-layout-14074d70 wp-block-group-is-layout-constrained\" style=\"border-bottom-color:var(--wp--preset--color--mono-3);border-bottom-width:1px;margin-top:0;margin-bottom:0;padding-top:var(--wp--preset--spacing--superbspacing-small);padding-right:var(--wp--preset--spacing--superbspacing-small);padding-bottom:var(--wp--preset--spacing--superbspacing-small);padding-left:var(--wp--preset--spacing--superbspacing-small)\">\n<h2 class=\"wp-block-heading\">Ce qui m&rsquo;inspire<\/h2>\n\n\n\n<div class=\"wp-block-columns is-layout-flex wp-container-core-columns-is-layout-d0b3c9c8 wp-block-columns-is-layout-flex\">\n<div class=\"wp-block-column is-layout-flow wp-block-column-is-layout-flow\">\n<figure class=\"wp-block-image size-large is-resized\"><img data-recalc-dims=\"1\" height=\"1024\" width=\"793\" decoding=\"async\" src=\"https:\/\/i0.wp.com\/s.w.org\/patterns\/files\/2021\/06\/Iris-793x1024.jpg?resize=793%2C1024&#038;ssl=1\" alt=\"\" class=\"wp-image-525\" style=\"width:488px;height:auto\"\/><\/figure>\n\n\n\n<p style=\"font-size:14px\"><br>La litt\u00e9rature anglaise du XVIIIe<br>La psy<br>La po\u00e9sie du quotidien<\/p>\n<\/div>\n\n\n\n<div class=\"wp-block-column is-layout-flow wp-block-column-is-layout-flow\">\n<div style=\"height:41px\" aria-hidden=\"true\" class=\"wp-block-spacer\"><\/div>\n\n\n\n<p style=\"font-size:14px\"><br>La mer, les fleurs sauvages, le journal cr\u00e9atif<br>Les cuisines du monde et les voyages int\u00e9rieurs<\/p>\n\n\n\n<figure class=\"wp-block-image size-large\"><img data-recalc-dims=\"1\" height=\"1024\" width=\"707\" decoding=\"async\" src=\"https:\/\/i0.wp.com\/s.w.org\/patterns\/files\/2021\/06\/Cherry-Blossom-707x1024.jpg?resize=707%2C1024&#038;ssl=1\" alt=\"\" class=\"wp-image-524\"\/><\/figure>\n<\/div>\n<\/div>\n<\/div>\n<\/div>\n","protected":false},"excerpt":{"rendered":"<p>Lionne Team 84&prime; Sensible Toulousaine Je m\u2019appelle Floriane. Je suis autrice, passionn\u00e9e par les histoires de vie, les mots justes, et la beaut\u00e9 discr\u00e8te des souvenirs que l\u2019on porte en soi. Je vis \u00e0 Toulouse, entre les briques roses, et j&rsquo;adore aller voir ce qui se passe ailleurs, partout, souvent. J&rsquo;adore l\u2019\u00e9criture, sous toutes ses [&hellip;]<\/p>\n","protected":false},"author":2,"featured_media":0,"parent":7346,"menu_order":0,"comment_status":"closed","ping_status":"closed","template":"","meta":{"footnotes":""},"class_list":["post-7136","page","type-page","status-publish","hentry"],"aioseo_notices":[],"jetpack_sharing_enabled":true,"_links":{"self":[{"href":"https:\/\/bleubazar.com\/index.php\/wp-json\/wp\/v2\/pages\/7136","targetHints":{"allow":["GET"]}}],"collection":[{"href":"https:\/\/bleubazar.com\/index.php\/wp-json\/wp\/v2\/pages"}],"about":[{"href":"https:\/\/bleubazar.com\/index.php\/wp-json\/wp\/v2\/types\/page"}],"author":[{"embeddable":true,"href":"https:\/\/bleubazar.com\/index.php\/wp-json\/wp\/v2\/users\/2"}],"replies":[{"embeddable":true,"href":"https:\/\/bleubazar.com\/index.php\/wp-json\/wp\/v2\/comments?post=7136"}],"version-history":[{"count":62,"href":"https:\/\/bleubazar.com\/index.php\/wp-json\/wp\/v2\/pages\/7136\/revisions"}],"predecessor-version":[{"id":9970,"href":"https:\/\/bleubazar.com\/index.php\/wp-json\/wp\/v2\/pages\/7136\/revisions\/9970"}],"up":[{"embeddable":true,"href":"https:\/\/bleubazar.com\/index.php\/wp-json\/wp\/v2\/pages\/7346"}],"wp:attachment":[{"href":"https:\/\/bleubazar.com\/index.php\/wp-json\/wp\/v2\/media?parent=7136"}],"curies":[{"name":"wp","href":"https:\/\/api.w.org\/{rel}","templated":true}]}}